{"id":1755,"date":"2022-10-26T22:40:03","date_gmt":"2022-10-26T22:40:03","guid":{"rendered":"http:\/\/loricavichiolo.com\/?page_id=1755"},"modified":"2022-10-26T22:40:53","modified_gmt":"2022-10-26T22:40:53","slug":"projeto-af","status":"publish","type":"page","link":"https:\/\/loricavichiolo.com\/index.php\/projeto-af\/","title":{"rendered":"Projeto 28"},"content":{"rendered":"<p>[et_pb_section fb_built=&#8221;1&#8243; admin_label=&#8221;Hero&#8221; _builder_version=&#8221;4.10.8&#8243; use_background_color_gradient=&#8221;on&#8221; background_color_gradient_start=&#8221;rgba(206,204,180,0.84)&#8221; background_color_gradient_end=&#8221;rgba(0,0,0,0.63)&#8221; background_color_gradient_overlays_image=&#8221;on&#8221; background_image=&#8221;https:\/\/loricavichiolo.com\/wp-content\/uploads\/2022\/10\/10-1.png&#8221; background_position=&#8221;bottom_center&#8221; custom_padding=&#8221;80px|0px|77px|0px|false|false&#8221; animation_style=&#8221;zoom&#8221; animation_intensity_zoom=&#8221;4%&#8221; hover_enabled=&#8221;0&#8243; global_colors_info=&#8221;{}&#8221; title_text=&#8221;10&#8243; sticky_enabled=&#8221;0&#8243;][et_pb_row _builder_version=&#8221;3.25&#8243; background_size=&#8221;initial&#8221; background_position=&#8221;top_left&#8221; background_repeat=&#8221;repeat&#8221; custom_padding=&#8221;|||&#8221; animation_style=&#8221;slide&#8221; animation_direction=&#8221;top&#8221; animation_intensity_slide=&#8221;3%&#8221; global_colors_info=&#8221;{}&#8221;][et_pb_column type=&#8221;4_4&#8243; _builder_version=&#8221;3.25&#8243; custom_padding=&#8221;|||&#8221; global_colors_info=&#8221;{}&#8221; custom_padding__hover=&#8221;|||&#8221;][et_pb_text _builder_version=&#8221;4.10.8&#8243; text_font=&#8221;Raleway|500||on|||||&#8221; text_text_color=&#8221;#f7f7f7&#8243; text_font_size=&#8221;16px&#8221; text_letter_spacing=&#8221;3px&#8221; background_size=&#8221;initial&#8221; background_position=&#8221;top_left&#8221; background_repeat=&#8221;repeat&#8221; custom_margin=&#8221;|||&#8221; animation_style=&#8221;slide&#8221; animation_direction=&#8221;bottom&#8221; hover_enabled=&#8221;0&#8243; locked=&#8221;off&#8221; global_colors_info=&#8221;{}&#8221; sticky_enabled=&#8221;0&#8243;]<\/p>\n<p>projeto af<\/p>\n<p>[\/et_pb_text][et_pb_text _builder_version=&#8221;4.10.8&#8243; text_font=&#8221;||||||||&#8221; text_line_height=&#8221;1.3em&#8221; header_font=&#8221;Playfair Display|700||||on|||&#8221; header_text_color=&#8221;#ffffff&#8221; header_font_size=&#8221;65px&#8221; header_line_height=&#8221;1.1em&#8221; header_2_font=&#8221;||||||||&#8221; background_size=&#8221;initial&#8221; background_position=&#8221;top_left&#8221; background_repeat=&#8221;repeat&#8221; custom_margin=&#8221;|||&#8221; animation_style=&#8221;slide&#8221; animation_direction=&#8221;bottom&#8221; hover_enabled=&#8221;0&#8243; header_font_size_last_edited=&#8221;off|desktop&#8221; locked=&#8221;off&#8221; global_colors_info=&#8221;{}&#8221; sticky_enabled=&#8221;0&#8243;]<\/p>\n<h1>Dr. Ant\u00f4nio Fernando Azevedo<\/h1>\n<p>[\/et_pb_text][et_pb_text _builder_version=&#8221;4.10.8&#8243; text_font=&#8221;Raleway||||||||&#8221; text_text_color=&#8221;#ffffff&#8221; text_font_size=&#8221;15px&#8221; text_line_height=&#8221;1.5em&#8221; background_size=&#8221;initial&#8221; background_position=&#8221;top_left&#8221; background_repeat=&#8221;repeat&#8221; max_width=&#8221;477px&#8221; module_alignment=&#8221;left&#8221; animation_direction=&#8221;top&#8221; hover_enabled=&#8221;0&#8243; locked=&#8221;off&#8221; global_colors_info=&#8221;{}&#8221; sticky_enabled=&#8221;0&#8243;]<\/p>\n<p>Conceito de Marca | Logo | Identidade Visual | Materiais de Papelaria | Redes Sociais | Site<\/p>\n<p>Para m\u00e9dico cardiologista de S\u00e3o Paulo-SP.<\/p>\n<p>[\/et_pb_text][\/et_pb_column][\/et_pb_row][\/et_pb_section][et_pb_section fb_built=&#8221;1&#8243; admin_label=&#8221;Fullwidth Image&#8221; _builder_version=&#8221;3.22&#8243; custom_padding=&#8221;45px|0px|66px|0px||&#8221; global_colors_info=&#8221;{}&#8221;][et_pb_row _builder_version=&#8221;3.25&#8243; background_size=&#8221;initial&#8221; background_position=&#8221;top_left&#8221; background_repeat=&#8221;repeat&#8221; global_colors_info=&#8221;{}&#8221;][et_pb_column type=&#8221;4_4&#8243; _builder_version=&#8221;3.25&#8243; custom_padding=&#8221;|||&#8221; global_colors_info=&#8221;{}&#8221; custom_padding__hover=&#8221;|||&#8221;][et_pb_image src=&#8221;https:\/\/loricavichiolo.com\/wp-content\/uploads\/2022\/10\/smartmockups_l9q3uqdj.gif&#8221; title_text=&#8221;smartmockups_l9q3uqdj&#8221; show_in_lightbox=&#8221;on&#8221; align_tablet=&#8221;center&#8221; align_phone=&#8221;&#8221; align_last_edited=&#8221;on|desktop&#8221; _builder_version=&#8221;4.10.8&#8243; animation_style=&#8221;slide&#8221; animation_direction=&#8221;bottom&#8221; animation_intensity_slide=&#8221;2%&#8221; hover_enabled=&#8221;0&#8243; global_colors_info=&#8221;{}&#8221; sticky_enabled=&#8221;0&#8243;][\/et_pb_image][et_pb_text _builder_version=&#8221;4.10.8&#8243; text_font=&#8221;Raleway||||||||&#8221; text_text_color=&#8221;#747d88&#8243; text_font_size=&#8221;15px&#8221; text_line_height=&#8221;1.6em&#8221; link_text_color=&#8221;#BE977A&#8221; background_size=&#8221;initial&#8221; background_position=&#8221;top_left&#8221; background_repeat=&#8221;repeat&#8221; text_orientation=&#8221;center&#8221; max_width=&#8221;700px&#8221; module_alignment=&#8221;center&#8221; custom_padding=&#8221;17px|||||&#8221; animation_style=&#8221;fade&#8221; animation_direction=&#8221;top&#8221; hover_enabled=&#8221;0&#8243; global_colors_info=&#8221;{}&#8221; sticky_enabled=&#8221;0&#8243;]<\/p>\n<p><span>O dr. Ant\u00f4nio me procurou para desenvolver o logo, a identidade visual e os materiais de papelaria para atuar dentro da sua especialidade: a cardiologia.<\/span><span><\/span><span><\/span><\/p>\n<p><span>No logo, a presen\u00e7a das iniciais A e F, remetendo ao eletrocardiograma.<\/span><\/p>\n<p><span>Ele tamb\u00e9m queria marcar presen\u00e7a digital, por isso desenvolvemos materiais para as redes sociais e tamb\u00e9m um site habilitado para vers\u00e3o desktop e mobile.<\/span><\/p>\n<p><span>Para conhecer mais do Dr. Ant\u00f4nio Fernando &#8211; Site: <a href=\"https:\/\/www.drantoniofernando.com\/\" title=\"Site Dr. Ant\u00f4nio Fernando\" target=\"_blank\" rel=\"noopener\">www.drantoniofernando.com<\/a><\/span><\/p>\n<p>[\/et_pb_text][\/et_pb_column][\/et_pb_row][\/et_pb_section][et_pb_section fb_built=&#8221;1&#8243; admin_label=&#8221;Text and Image&#8221; _builder_version=&#8221;4.10.8&#8243; background_color=&#8221;rgba(0,0,0,0.05)&#8221; custom_padding=&#8221;67px|0px|110px|0px||&#8221; hover_enabled=&#8221;0&#8243; global_colors_info=&#8221;{}&#8221; sticky_enabled=&#8221;0&#8243;][et_pb_row column_structure=&#8221;1_2,1_2&#8243; _builder_version=&#8221;3.25&#8243; background_size=&#8221;initial&#8221; background_position=&#8221;top_left&#8221; background_repeat=&#8221;repeat&#8221; custom_margin=&#8221;-6px|auto||auto||&#8221; global_colors_info=&#8221;{}&#8221;][et_pb_column type=&#8221;1_2&#8243; _builder_version=&#8221;3.25&#8243; custom_padding=&#8221;|||&#8221; global_colors_info=&#8221;{}&#8221; custom_padding__hover=&#8221;|||&#8221;][et_pb_text _builder_version=&#8221;4.10.8&#8243; text_font=&#8221;Raleway||||||||&#8221; text_text_color=&#8221;#747d88&#8243; text_font_size=&#8221;15px&#8221; text_line_height=&#8221;1.6em&#8221; header_font=&#8221;||||||||&#8221; header_3_font=&#8221;Playfair Display||||||||&#8221; header_3_font_size=&#8221;59px&#8221; header_3_line_height=&#8221;1.5em&#8221; background_size=&#8221;initial&#8221; background_position=&#8221;top_left&#8221; background_repeat=&#8221;repeat&#8221; text_orientation=&#8221;justified&#8221; max_width=&#8221;700px&#8221; module_alignment=&#8221;center&#8221; custom_margin=&#8221;-1px||62px|||&#8221; animation_style=&#8221;fade&#8221; animation_direction=&#8221;top&#8221; hover_enabled=&#8221;0&#8243; global_colors_info=&#8221;{}&#8221; sticky_enabled=&#8221;0&#8243;]<\/p>\n<h3>Logo<\/h3>\n<p>Iniciais A e F + eletrocardiograma.<\/p>\n<p>[\/et_pb_text][\/et_pb_column][et_pb_column type=&#8221;1_2&#8243; _builder_version=&#8221;3.25&#8243; custom_padding=&#8221;|||&#8221; global_colors_info=&#8221;{}&#8221; custom_padding__hover=&#8221;|||&#8221;][et_pb_image src=&#8221;https:\/\/loricavichiolo.com\/wp-content\/uploads\/2022\/10\/4-4.png&#8221; title_text=&#8221;4&#8243; align_tablet=&#8221;center&#8221; align_phone=&#8221;&#8221; align_last_edited=&#8221;on|desktop&#8221; _builder_version=&#8221;4.10.8&#8243; custom_margin=&#8221;44px|||||&#8221; animation_style=&#8221;slide&#8221; animation_direction=&#8221;right&#8221; animation_intensity_slide=&#8221;10%&#8221; hover_enabled=&#8221;0&#8243; global_colors_info=&#8221;{}&#8221; sticky_enabled=&#8221;0&#8243;][\/et_pb_image][\/et_pb_column][\/et_pb_row][\/et_pb_section][et_pb_section fb_built=&#8221;1&#8243; _builder_version=&#8221;4.10.8&#8243; _module_preset=&#8221;default&#8221; global_colors_info=&#8221;{}&#8221;][et_pb_row _builder_version=&#8221;4.10.8&#8243; _module_preset=&#8221;default&#8221; custom_margin=&#8221;-23px|auto||auto||&#8221; global_colors_info=&#8221;{}&#8221;][et_pb_column type=&#8221;4_4&#8243; _builder_version=&#8221;4.10.8&#8243; _module_preset=&#8221;default&#8221; global_colors_info=&#8221;{}&#8221;][et_pb_image src=&#8221;https:\/\/loricavichiolo.com\/wp-content\/uploads\/2022\/10\/LD_PAINEIS-IDENTIDADE-VISUAL-EXTENDIDO_REV00-10.png&#8221; title_text=&#8221;LD_PAINEIS IDENTIDADE VISUAL EXTENDIDO_REV00&#8243; align=&#8221;center&#8221; force_fullwidth=&#8221;on&#8221; _builder_version=&#8221;4.10.8&#8243; _module_preset=&#8221;default&#8221; hover_enabled=&#8221;0&#8243; global_colors_info=&#8221;{}&#8221; sticky_enabled=&#8221;0&#8243;][\/et_pb_image][\/et_pb_column][\/et_pb_row][\/et_pb_section][et_pb_section fb_built=&#8221;1&#8243; admin_label=&#8221;Text and Image&#8221; _builder_version=&#8221;4.10.8&#8243; background_color=&#8221;RGBA(0,0,0,0.05)&#8221; custom_padding=&#8221;105px|0px|71px|0px||&#8221; hover_enabled=&#8221;0&#8243; global_colors_info=&#8221;{}&#8221; sticky_enabled=&#8221;0&#8243;][et_pb_row column_structure=&#8221;1_2,1_2&#8243; _builder_version=&#8221;3.25&#8243; background_size=&#8221;initial&#8221; background_position=&#8221;top_left&#8221; background_repeat=&#8221;repeat&#8221; global_colors_info=&#8221;{}&#8221;][et_pb_column type=&#8221;1_2&#8243; _builder_version=&#8221;3.25&#8243; custom_padding=&#8221;|||&#8221; global_colors_info=&#8221;{}&#8221; custom_padding__hover=&#8221;|||&#8221;][et_pb_text _builder_version=&#8221;4.10.8&#8243; text_font=&#8221;Raleway||||||||&#8221; text_text_color=&#8221;#747d88&#8243; text_font_size=&#8221;15px&#8221; text_line_height=&#8221;1.6em&#8221; header_font=&#8221;||||||||&#8221; header_3_font=&#8221;Playfair Display||||||||&#8221; header_3_font_size=&#8221;58px&#8221; header_3_line_height=&#8221;1.1em&#8221; background_size=&#8221;initial&#8221; background_position=&#8221;top_left&#8221; background_repeat=&#8221;repeat&#8221; max_width=&#8221;700px&#8221; module_alignment=&#8221;center&#8221; custom_margin=&#8221;26px|||||&#8221; animation_style=&#8221;fade&#8221; animation_direction=&#8221;top&#8221; hover_enabled=&#8221;0&#8243; global_colors_info=&#8221;{}&#8221; sticky_enabled=&#8221;0&#8243;]<\/p>\n<h3>Aplica\u00e7\u00f5es<\/h3>\n<p>&nbsp;<\/p>\n<p>Cart\u00e3o de Visitas e receitu\u00e1rio.<\/p>\n<p>[\/et_pb_text][\/et_pb_column][et_pb_column type=&#8221;1_2&#8243; _builder_version=&#8221;3.25&#8243; custom_padding=&#8221;|||&#8221; global_colors_info=&#8221;{}&#8221; custom_padding__hover=&#8221;|||&#8221;][et_pb_image src=&#8221;https:\/\/loricavichiolo.com\/wp-content\/uploads\/2022\/10\/6-5.png&#8221; title_text=&#8221;6&#8243; align_tablet=&#8221;center&#8221; align_phone=&#8221;&#8221; align_last_edited=&#8221;on|desktop&#8221; _builder_version=&#8221;4.10.8&#8243; custom_margin=&#8221;43px|||||&#8221; animation_style=&#8221;slide&#8221; animation_direction=&#8221;right&#8221; animation_intensity_slide=&#8221;10%&#8221; hover_enabled=&#8221;0&#8243; global_colors_info=&#8221;{}&#8221; sticky_enabled=&#8221;0&#8243;][\/et_pb_image][\/et_pb_column][\/et_pb_row][\/et_pb_section][et_pb_section fb_built=&#8221;1&#8243; _builder_version=&#8221;4.10.8&#8243; _module_preset=&#8221;default&#8221; background_color=&#8221;RGBA(0,0,0,0.05)&#8221; custom_padding=&#8221;2px|||||&#8221; hover_enabled=&#8221;0&#8243; global_colors_info=&#8221;{}&#8221; sticky_enabled=&#8221;0&#8243;][et_pb_row _builder_version=&#8221;4.10.8&#8243; _module_preset=&#8221;default&#8221; global_colors_info=&#8221;{}&#8221;][et_pb_column type=&#8221;4_4&#8243; _builder_version=&#8221;4.10.8&#8243; _module_preset=&#8221;default&#8221; global_colors_info=&#8221;{}&#8221;][et_pb_image src=&#8221;https:\/\/loricavichiolo.com\/wp-content\/uploads\/2022\/10\/smartmockups_l9q49wdg.png&#8221; title_text=&#8221;smartmockups_l9q49wdg&#8221; align=&#8221;center&#8221; _builder_version=&#8221;4.10.8&#8243; _module_preset=&#8221;default&#8221; width=&#8221;100%&#8221; custom_margin=&#8221;||81px|||&#8221; hover_enabled=&#8221;0&#8243; global_colors_info=&#8221;{}&#8221; sticky_enabled=&#8221;0&#8243;][\/et_pb_image][et_pb_image src=&#8221;https:\/\/loricavichiolo.com\/wp-content\/uploads\/2022\/10\/smartmockups_l9q4bfss.png&#8221; title_text=&#8221;smartmockups_l9q4bfss&#8221; _builder_version=&#8221;4.10.8&#8243; _module_preset=&#8221;default&#8221; custom_margin=&#8221;-14px||70px|||&#8221; hover_enabled=&#8221;0&#8243; global_colors_info=&#8221;{}&#8221; align=&#8221;center&#8221; width=&#8221;61%&#8221; sticky_enabled=&#8221;0&#8243;][\/et_pb_image][\/et_pb_column][\/et_pb_row][\/et_pb_section][et_pb_section fb_built=&#8221;1&#8243; admin_label=&#8221;Text and Image&#8221; _builder_version=&#8221;4.10.8&#8243; background_color=&#8221;#FFFFFF&#8221; custom_padding=&#8221;56px|0px|13px|0px||&#8221; global_colors_info=&#8221;{}&#8221;][et_pb_row column_structure=&#8221;1_2,1_2&#8243; _builder_version=&#8221;3.25&#8243; background_size=&#8221;initial&#8221; background_position=&#8221;top_left&#8221; background_repeat=&#8221;repeat&#8221; global_colors_info=&#8221;{}&#8221;][et_pb_column type=&#8221;1_2&#8243; _builder_version=&#8221;3.25&#8243; custom_padding=&#8221;|||&#8221; global_colors_info=&#8221;{}&#8221; custom_padding__hover=&#8221;|||&#8221;][et_pb_text _builder_version=&#8221;4.10.8&#8243; text_font=&#8221;Raleway||||||||&#8221; text_text_color=&#8221;#747d88&#8243; text_font_size=&#8221;15px&#8221; text_line_height=&#8221;1.2em&#8221; header_font=&#8221;||||||||&#8221; header_3_font=&#8221;Playfair Display||||||||&#8221; header_3_font_size=&#8221;58px&#8221; header_3_line_height=&#8221;1.1em&#8221; background_size=&#8221;initial&#8221; background_position=&#8221;top_left&#8221; background_repeat=&#8221;repeat&#8221; max_width=&#8221;700px&#8221; module_alignment=&#8221;center&#8221; custom_margin=&#8221;-5px|||||&#8221; animation_style=&#8221;fade&#8221; animation_direction=&#8221;top&#8221; hover_enabled=&#8221;0&#8243; global_colors_info=&#8221;{}&#8221; sticky_enabled=&#8221;0&#8243;]<\/p>\n<h3>M\u00eddia Digital<\/h3>\n<p>&nbsp;<\/p>\n<p>Cart\u00e3o de visita digital e interativo.<\/p>\n<p>Materiais para redes sociais.<\/p>\n<p>Site &#8211; desktop e mobile.<\/p>\n<p>[\/et_pb_text][\/et_pb_column][et_pb_column type=&#8221;1_2&#8243; _builder_version=&#8221;3.25&#8243; custom_padding=&#8221;|||&#8221; global_colors_info=&#8221;{}&#8221; custom_padding__hover=&#8221;|||&#8221;][et_pb_image src=&#8221;https:\/\/loricavichiolo.com\/wp-content\/uploads\/2022\/10\/7-5.png&#8221; title_text=&#8221;7&#8243; align_tablet=&#8221;center&#8221; align_phone=&#8221;&#8221; align_last_edited=&#8221;on|desktop&#8221; _builder_version=&#8221;4.10.8&#8243; width=&#8221;100%&#8221; custom_margin=&#8221;22px|||||&#8221; animation_style=&#8221;slide&#8221; animation_direction=&#8221;right&#8221; animation_intensity_slide=&#8221;10%&#8221; hover_enabled=&#8221;0&#8243; global_colors_info=&#8221;{}&#8221; sticky_enabled=&#8221;0&#8243;][\/et_pb_image][\/et_pb_column][\/et_pb_row][et_pb_row _builder_version=&#8221;4.10.8&#8243; _module_preset=&#8221;default&#8221; global_colors_info=&#8221;{}&#8221;][et_pb_column type=&#8221;4_4&#8243; _builder_version=&#8221;4.10.8&#8243; _module_preset=&#8221;default&#8221; global_colors_info=&#8221;{}&#8221;][et_pb_image src=&#8221;https:\/\/loricavichiolo.com\/wp-content\/uploads\/2022\/10\/smartmockups_l9q7x4cr.png&#8221; title_text=&#8221;smartmockups_l9q7x4cr&#8221; align=&#8221;center&#8221; _builder_version=&#8221;4.10.8&#8243; _module_preset=&#8221;default&#8221; width=&#8221;30%&#8221; hover_enabled=&#8221;0&#8243; global_colors_info=&#8221;{}&#8221; sticky_enabled=&#8221;0&#8243;][\/et_pb_image][et_pb_image src=&#8221;https:\/\/loricavichiolo.com\/wp-content\/uploads\/2022\/10\/smartmockups_l9q4es6t.png&#8221; title_text=&#8221;smartmockups_l9q4es6t&#8221; _builder_version=&#8221;4.10.8&#8243; _module_preset=&#8221;default&#8221; hover_enabled=&#8221;0&#8243; global_colors_info=&#8221;{}&#8221; sticky_enabled=&#8221;0&#8243;][\/et_pb_image][\/et_pb_column][\/et_pb_row][\/et_pb_section][et_pb_section fb_built=&#8221;1&#8243; admin_label=&#8221;Text and Image&#8221; _builder_version=&#8221;4.10.8&#8243; background_color=&#8221;#FFFFFF&#8221; custom_padding=&#8221;56px|0px|110px|0px||&#8221; global_colors_info=&#8221;{}&#8221;][et_pb_row _builder_version=&#8221;4.10.8&#8243; _module_preset=&#8221;default&#8221; custom_margin=&#8221;46px|auto||auto||&#8221; global_colors_info=&#8221;{}&#8221;][et_pb_column type=&#8221;4_4&#8243; _builder_version=&#8221;4.10.8&#8243; _module_preset=&#8221;default&#8221; global_colors_info=&#8221;{}&#8221;][et_pb_text _builder_version=&#8221;4.10.8&#8243; _module_preset=&#8221;default&#8221; text_font=&#8221;Amsterdam Four||||||||&#8221; text_font_size=&#8221;36px&#8221; text_line_height=&#8221;1.2em&#8221; custom_margin=&#8221;||51px|||&#8221; global_colors_info=&#8221;{}&#8221;]<\/p>\n<p style=\"text-align: center;\">Quer uma identidade com a sua cara para atuar na sua \u00e1rea?<\/p>\n<p style=\"text-align: center;\">Vamos conversar!<\/p>\n<p>[\/et_pb_text][et_pb_button button_url=&#8221;https:\/\/api.whatsapp.com\/send?phone=+5541988044146&amp;text=Ol%C3%A1%2C%20gostaria%20de%20agendar%20uma%20reni%C3%A3o%20online%20com%20a%20Lori%20Cavichiolo&#8221; url_new_window=&#8221;on&#8221; button_text=&#8221;Agende sua reuni\u00e3o online&#8221; button_alignment=&#8221;center&#8221; _builder_version=&#8221;4.10.8&#8243; _module_preset=&#8221;default&#8221; custom_button=&#8221;on&#8221; button_text_size=&#8221;14px&#8221; button_text_color=&#8221;#FFFFFF&#8221; button_bg_color=&#8221;#BE977A&#8221; button_border_color=&#8221;#E6DDD8&#8243; button_border_radius=&#8221;0px&#8221; button_letter_spacing=&#8221;2px&#8221; button_font=&#8221;Raleway|||on|||||&#8221; background_layout=&#8221;dark&#8221; global_colors_info=&#8221;{}&#8221;][\/et_pb_button][\/et_pb_column][\/et_pb_row][\/et_pb_section][et_pb_section fb_built=&#8221;1&#8243; _builder_version=&#8221;4.10.8&#8243; _module_preset=&#8221;default&#8221; background_color=&#8221;#4C4B4D&#8221; custom_padding=&#8221;21px||18px|||&#8221; global_colors_info=&#8221;{}&#8221;][et_pb_row _builder_version=&#8221;4.10.8&#8243; _module_preset=&#8221;default&#8221; global_colors_info=&#8221;{}&#8221;][et_pb_column type=&#8221;4_4&#8243; _builder_version=&#8221;4.10.8&#8243; _module_preset=&#8221;default&#8221; global_colors_info=&#8221;{}&#8221;][et_pb_button button_url=&#8221;https:\/\/loricavichiolo.com\/#portfolio&#8221; button_text=&#8221;VOLTAR&#8221; button_alignment=&#8221;center&#8221; _builder_version=&#8221;4.10.8&#8243; _module_preset=&#8221;default&#8221; custom_button=&#8221;on&#8221; button_text_size=&#8221;13px&#8221; button_use_icon=&#8221;off&#8221; global_colors_info=&#8221;{}&#8221;][\/et_pb_button][\/et_pb_column][\/et_pb_row][\/et_pb_section]<\/p>\n","protected":false},"excerpt":{"rendered":"<p>projeto af Dr. Ant\u00f4nio Fernando Azevedo Conceito de Marca | Logo | Identidade Visual | Materiais de Papelaria | Redes Sociais | Site Para m\u00e9dico cardiologista de S\u00e3o Paulo-SP. O dr. Ant\u00f4nio me procurou para desenvolver o logo, a identidade visual e os materiais de papelaria para atuar dentro da sua especialidade: a cardiologia. No [&hellip;]<\/p>\n","protected":false},"author":1,"featured_media":0,"parent":0,"menu_order":0,"comment_status":"closed","ping_status":"closed","template":"","meta":{"_et_pb_use_builder":"on","_et_pb_old_content":"","_et_gb_content_width":"","om_disable_all_campaigns":false,"_mi_skip_tracking":false,"footnotes":""},"class_list":["post-1755","page","type-page","status-publish","hentry"],"aioseo_notices":[],"_links":{"self":[{"href":"https:\/\/loricavichiolo.com\/index.php\/wp-json\/wp\/v2\/pages\/1755","targetHints":{"allow":["GET"]}}],"collection":[{"href":"https:\/\/loricavichiolo.com\/index.php\/wp-json\/wp\/v2\/pages"}],"about":[{"href":"https:\/\/loricavichiolo.com\/index.php\/wp-json\/wp\/v2\/types\/page"}],"author":[{"embeddable":true,"href":"https:\/\/loricavichiolo.com\/index.php\/wp-json\/wp\/v2\/users\/1"}],"replies":[{"embeddable":true,"href":"https:\/\/loricavichiolo.com\/index.php\/wp-json\/wp\/v2\/comments?post=1755"}],"version-history":[{"count":4,"href":"https:\/\/loricavichiolo.com\/index.php\/wp-json\/wp\/v2\/pages\/1755\/revisions"}],"predecessor-version":[{"id":1770,"href":"https:\/\/loricavichiolo.com\/index.php\/wp-json\/wp\/v2\/pages\/1755\/revisions\/1770"}],"wp:attachment":[{"href":"https:\/\/loricavichiolo.com\/index.php\/wp-json\/wp\/v2\/media?parent=1755"}],"curies":[{"name":"wp","href":"https:\/\/api.w.org\/{rel}","templated":true}]}}