{"id":1158,"date":"2022-09-14T20:56:01","date_gmt":"2022-09-14T20:56:01","guid":{"rendered":"http:\/\/loricavichiolo.com\/?page_id=1158"},"modified":"2022-11-11T21:56:46","modified_gmt":"2022-11-11T21:56:46","slug":"projeto-oj","status":"publish","type":"page","link":"https:\/\/loricavichiolo.com\/index.php\/projeto-oj\/","title":{"rendered":"Projeto 8"},"content":{"rendered":"<p>[et_pb_section fb_built=&#8221;1&#8243; admin_label=&#8221;Hero&#8221; _builder_version=&#8221;4.10.8&#8243; use_background_color_gradient=&#8221;on&#8221; background_color_gradient_start=&#8221;rgba(190,151,122,0.96)&#8221; background_color_gradient_end=&#8221;rgba(0,0,0,0.96)&#8221; background_color_gradient_overlays_image=&#8221;on&#8221; background_image=&#8221;https:\/\/loricavichiolo.com\/wp-content\/uploads\/2022\/09\/1-10.png&#8221; custom_padding=&#8221;80px|0px|77px|0px|false|false&#8221; animation_style=&#8221;zoom&#8221; animation_intensity_zoom=&#8221;4%&#8221; hover_enabled=&#8221;0&#8243; global_colors_info=&#8221;{}&#8221; sticky_enabled=&#8221;0&#8243;][et_pb_row _builder_version=&#8221;3.25&#8243; background_size=&#8221;initial&#8221; background_position=&#8221;top_left&#8221; background_repeat=&#8221;repeat&#8221; custom_padding=&#8221;|||&#8221; animation_style=&#8221;slide&#8221; animation_direction=&#8221;top&#8221; animation_intensity_slide=&#8221;3%&#8221; global_colors_info=&#8221;{}&#8221;][et_pb_column type=&#8221;4_4&#8243; _builder_version=&#8221;3.25&#8243; custom_padding=&#8221;|||&#8221; global_colors_info=&#8221;{}&#8221; custom_padding__hover=&#8221;|||&#8221;][et_pb_text _builder_version=&#8221;4.10.8&#8243; text_font=&#8221;Raleway|500||on|||||&#8221; text_text_color=&#8221;#f7f7f7&#8243; text_font_size=&#8221;16px&#8221; text_letter_spacing=&#8221;3px&#8221; background_size=&#8221;initial&#8221; background_position=&#8221;top_left&#8221; background_repeat=&#8221;repeat&#8221; custom_margin=&#8221;|||&#8221; animation_style=&#8221;slide&#8221; animation_direction=&#8221;bottom&#8221; locked=&#8221;off&#8221; global_colors_info=&#8221;{}&#8221;]<\/p>\n<p>projeto oj<\/p>\n<p>[\/et_pb_text][et_pb_text _builder_version=&#8221;4.10.8&#8243; text_font=&#8221;||||||||&#8221; text_line_height=&#8221;1.3em&#8221; header_font=&#8221;Playfair Display|700||on|||||&#8221; header_text_color=&#8221;#ffffff&#8221; header_font_size=&#8221;65px&#8221; header_line_height=&#8221;1.1em&#8221; header_2_font=&#8221;||||||||&#8221; background_size=&#8221;initial&#8221; background_position=&#8221;top_left&#8221; background_repeat=&#8221;repeat&#8221; custom_margin=&#8221;|||&#8221; animation_style=&#8221;slide&#8221; animation_direction=&#8221;bottom&#8221; hover_enabled=&#8221;0&#8243; header_font_size_last_edited=&#8221;on|phone&#8221; locked=&#8221;off&#8221; global_colors_info=&#8221;{}&#8221; sticky_enabled=&#8221;0&#8243; header_font_size_phone=&#8221;48px&#8221;]<\/p>\n<h1>O2J ENGENHARIA<\/h1>\n<p>[\/et_pb_text][et_pb_text _builder_version=&#8221;4.10.8&#8243; text_font=&#8221;Raleway||||||||&#8221; text_text_color=&#8221;#ffffff&#8221; text_font_size=&#8221;17px&#8221; text_line_height=&#8221;1.5em&#8221; background_size=&#8221;initial&#8221; background_position=&#8221;top_left&#8221; background_repeat=&#8221;repeat&#8221; max_width=&#8221;504px&#8221; module_alignment=&#8221;left&#8221; animation_direction=&#8221;top&#8221; hover_enabled=&#8221;0&#8243; locked=&#8221;off&#8221; global_colors_info=&#8221;{}&#8221; text_font_size_last_edited=&#8221;on|phone&#8221; sticky_enabled=&#8221;0&#8243; text_font_size_phone=&#8221;15px&#8221;]<\/p>\n<p>Conceito de Marca | Logo | Identidade Visual | Materiais de Papelaria | Site<\/p>\n<p>Para empresa de engenharia de Curitiba-PR<\/p>\n<p>[\/et_pb_text][\/et_pb_column][\/et_pb_row][\/et_pb_section][et_pb_section fb_built=&#8221;1&#8243; admin_label=&#8221;Fullwidth Image&#8221; _builder_version=&#8221;3.22&#8243; custom_padding=&#8221;45px|0px|66px|0px||&#8221; global_colors_info=&#8221;{}&#8221;][et_pb_row _builder_version=&#8221;3.25&#8243; background_size=&#8221;initial&#8221; background_position=&#8221;top_left&#8221; background_repeat=&#8221;repeat&#8221; global_colors_info=&#8221;{}&#8221;][et_pb_column type=&#8221;4_4&#8243; _builder_version=&#8221;3.25&#8243; custom_padding=&#8221;|||&#8221; global_colors_info=&#8221;{}&#8221; custom_padding__hover=&#8221;|||&#8221;][et_pb_image src=&#8221;https:\/\/loricavichiolo.com\/wp-content\/uploads\/2022\/09\/smartmockups_l80r2wbe.gif&#8221; title_text=&#8221;smartmockups_l80r2wbe&#8221; show_in_lightbox=&#8221;on&#8221; align_tablet=&#8221;center&#8221; align_phone=&#8221;&#8221; align_last_edited=&#8221;on|desktop&#8221; _builder_version=&#8221;4.10.8&#8243; animation_style=&#8221;slide&#8221; animation_direction=&#8221;bottom&#8221; animation_intensity_slide=&#8221;2%&#8221; hover_enabled=&#8221;0&#8243; global_colors_info=&#8221;{}&#8221; sticky_enabled=&#8221;0&#8243;][\/et_pb_image][et_pb_text _builder_version=&#8221;4.10.8&#8243; text_font=&#8221;Raleway||||||||&#8221; text_text_color=&#8221;#747d88&#8243; text_font_size=&#8221;17px&#8221; text_line_height=&#8221;1.6em&#8221; link_text_color=&#8221;#BE977A&#8221; background_size=&#8221;initial&#8221; background_position=&#8221;top_left&#8221; background_repeat=&#8221;repeat&#8221; text_orientation=&#8221;center&#8221; max_width=&#8221;700px&#8221; module_alignment=&#8221;center&#8221; custom_padding=&#8221;17px|||||&#8221; animation_style=&#8221;fade&#8221; animation_direction=&#8221;top&#8221; hover_enabled=&#8221;0&#8243; global_colors_info=&#8221;{}&#8221; text_font_size_last_edited=&#8221;on|phone&#8221; sticky_enabled=&#8221;0&#8243; text_font_size_phone=&#8221;15px&#8221;]<\/p>\n<p><span>A premissa para o trabalho com a O2J era a cria\u00e7\u00e3o de uma identidade que demonstrasse toda a qualidade do servi\u00e7o prestado por eles. Com foco no cuidado na execu\u00e7\u00e3o das obras e no trato com o cliente. Unindo arquiteto, cliente e fornecedores.<\/span><\/p>\n<p><span>A identidade traz a mescla da geometria &#8211; engenharia &#8211; com as linhas sinuosas &#8211; remetendo \u00e0 maleabilidade para bem gerir uma obra.<\/span><span><\/span><\/p>\n<p><span>Para conhecer mais da O2J &#8211; Instagram: <a href=\"https:\/\/www.instagram.com\/o2jengenharia\/\" target=\"_blank\" rel=\"noopener\" title=\"Instagram O2J | Engenharia\">@o2jengenharia<\/a> | Site: <a href=\"https:\/\/www.o2jengenharia.com\" target=\"_blank\" rel=\"noopener\" title=\"Site O2J | Engenharia\">www.o2jengenharia.com<\/a><\/span><\/p>\n<p>[\/et_pb_text][\/et_pb_column][\/et_pb_row][\/et_pb_section][et_pb_section fb_built=&#8221;1&#8243; admin_label=&#8221;Text and Image&#8221; _builder_version=&#8221;4.10.8&#8243; background_color=&#8221;#E6DDD8&#8243; custom_padding=&#8221;67px|0px|110px|0px||&#8221; global_colors_info=&#8221;{}&#8221;][et_pb_row column_structure=&#8221;1_2,1_2&#8243; _builder_version=&#8221;3.25&#8243; background_size=&#8221;initial&#8221; background_position=&#8221;top_left&#8221; background_repeat=&#8221;repeat&#8221; custom_margin=&#8221;-6px|auto||auto||&#8221; global_colors_info=&#8221;{}&#8221;][et_pb_column type=&#8221;1_2&#8243; _builder_version=&#8221;3.25&#8243; custom_padding=&#8221;|||&#8221; global_colors_info=&#8221;{}&#8221; custom_padding__hover=&#8221;|||&#8221;][et_pb_text _builder_version=&#8221;4.10.8&#8243; text_font=&#8221;Raleway||||||||&#8221; text_text_color=&#8221;#747d88&#8243; text_font_size=&#8221;16px&#8221; text_line_height=&#8221;1.6em&#8221; header_font=&#8221;||||||||&#8221; header_3_font=&#8221;Playfair Display||||||||&#8221; header_3_font_size=&#8221;59px&#8221; header_3_line_height=&#8221;1.5em&#8221; background_size=&#8221;initial&#8221; background_position=&#8221;top_left&#8221; background_repeat=&#8221;repeat&#8221; text_orientation=&#8221;justified&#8221; max_width=&#8221;700px&#8221; module_alignment=&#8221;center&#8221; custom_margin=&#8221;-1px||62px|||&#8221; animation_style=&#8221;fade&#8221; animation_direction=&#8221;top&#8221; global_colors_info=&#8221;{}&#8221;]<\/p>\n<h3>Logo<\/h3>\n<p>Uma brincadeira com o nome da empresa, vigas e pilares. Um sobrepondo o outro, formando imagens diferentes. Tendo como resultado um s\u00edmbolo harm\u00f4nico e geom\u00e9trico.<\/p>\n<p>[\/et_pb_text][\/et_pb_column][et_pb_column type=&#8221;1_2&#8243; _builder_version=&#8221;3.25&#8243; custom_padding=&#8221;|||&#8221; global_colors_info=&#8221;{}&#8221; custom_padding__hover=&#8221;|||&#8221;][et_pb_image src=&#8221;https:\/\/loricavichiolo.com\/wp-content\/uploads\/2022\/09\/7-7.png&#8221; title_text=&#8221;7&#8243; align_tablet=&#8221;center&#8221; align_phone=&#8221;&#8221; align_last_edited=&#8221;on|desktop&#8221; _builder_version=&#8221;4.10.8&#8243; animation_style=&#8221;slide&#8221; animation_direction=&#8221;right&#8221; animation_intensity_slide=&#8221;10%&#8221; global_colors_info=&#8221;{}&#8221;][\/et_pb_image][\/et_pb_column][\/et_pb_row][\/et_pb_section][et_pb_section fb_built=&#8221;1&#8243; _builder_version=&#8221;4.10.8&#8243; _module_preset=&#8221;default&#8221; global_colors_info=&#8221;{}&#8221;][et_pb_row _builder_version=&#8221;4.10.8&#8243; _module_preset=&#8221;default&#8221; custom_margin=&#8221;-23px|auto||auto||&#8221; global_colors_info=&#8221;{}&#8221;][et_pb_column type=&#8221;4_4&#8243; _builder_version=&#8221;4.10.8&#8243; _module_preset=&#8221;default&#8221; global_colors_info=&#8221;{}&#8221;][et_pb_image src=&#8221;https:\/\/loricavichiolo.com\/wp-content\/uploads\/2022\/09\/LD_PAINEIS-IDENTIDADE-VISUAL-EXTENDIDO_REV00-7.png&#8221; title_text=&#8221;LD_PAINEIS IDENTIDADE VISUAL EXTENDIDO_REV00&#8243; align=&#8221;center&#8221; _builder_version=&#8221;4.10.8&#8243; _module_preset=&#8221;default&#8221; global_colors_info=&#8221;{}&#8221;][\/et_pb_image][\/et_pb_column][\/et_pb_row][\/et_pb_section][et_pb_section fb_built=&#8221;1&#8243; admin_label=&#8221;Text and Image&#8221; _builder_version=&#8221;4.10.8&#8243; background_color=&#8221;#E6DDD8&#8243; custom_padding=&#8221;105px|0px|110px|0px||&#8221; global_colors_info=&#8221;{}&#8221;][et_pb_row column_structure=&#8221;1_2,1_2&#8243; _builder_version=&#8221;3.25&#8243; background_size=&#8221;initial&#8221; background_position=&#8221;top_left&#8221; background_repeat=&#8221;repeat&#8221; global_colors_info=&#8221;{}&#8221;][et_pb_column type=&#8221;1_2&#8243; _builder_version=&#8221;3.25&#8243; custom_padding=&#8221;|||&#8221; global_colors_info=&#8221;{}&#8221; custom_padding__hover=&#8221;|||&#8221;][et_pb_text _builder_version=&#8221;4.10.8&#8243; text_font=&#8221;Raleway||||||||&#8221; text_text_color=&#8221;#747d88&#8243; text_font_size=&#8221;16px&#8221; text_line_height=&#8221;1.6em&#8221; header_font=&#8221;||||||||&#8221; header_3_font=&#8221;Playfair Display||||||||&#8221; header_3_font_size=&#8221;58px&#8221; header_3_line_height=&#8221;1.1em&#8221; background_size=&#8221;initial&#8221; background_position=&#8221;top_left&#8221; background_repeat=&#8221;repeat&#8221; max_width=&#8221;700px&#8221; module_alignment=&#8221;center&#8221; custom_margin=&#8221;26px|||||&#8221; animation_style=&#8221;fade&#8221; animation_direction=&#8221;top&#8221; global_colors_info=&#8221;{}&#8221;]<\/p>\n<h3>Papelaria Impressa<\/h3>\n<p>&nbsp;<\/p>\n<p>Cart\u00e3o de visitas, papel timbrado, adesivos.<\/p>\n<p>Para personalizar o atendimento.[\/et_pb_text][\/et_pb_column][et_pb_column type=&#8221;1_2&#8243; _builder_version=&#8221;3.25&#8243; custom_padding=&#8221;|||&#8221; global_colors_info=&#8221;{}&#8221; custom_padding__hover=&#8221;|||&#8221;][et_pb_image src=&#8221;https:\/\/loricavichiolo.com\/wp-content\/uploads\/2022\/09\/8-6.png&#8221; title_text=&#8221;8&#8243; align_tablet=&#8221;center&#8221; align_phone=&#8221;&#8221; align_last_edited=&#8221;on|desktop&#8221; _builder_version=&#8221;4.10.8&#8243; custom_margin=&#8221;43px|||||&#8221; animation_style=&#8221;slide&#8221; animation_direction=&#8221;right&#8221; animation_intensity_slide=&#8221;10%&#8221; global_colors_info=&#8221;{}&#8221;][\/et_pb_image][\/et_pb_column][\/et_pb_row][\/et_pb_section][et_pb_section fb_built=&#8221;1&#8243; _builder_version=&#8221;4.10.8&#8243; _module_preset=&#8221;default&#8221; global_colors_info=&#8221;{}&#8221;][et_pb_row _builder_version=&#8221;4.10.8&#8243; _module_preset=&#8221;default&#8221; global_colors_info=&#8221;{}&#8221;][et_pb_column type=&#8221;4_4&#8243; _builder_version=&#8221;4.10.8&#8243; _module_preset=&#8221;default&#8221; global_colors_info=&#8221;{}&#8221;][et_pb_image src=&#8221;https:\/\/loricavichiolo.com\/wp-content\/uploads\/2022\/09\/smartmockups_l80q8g2v.png&#8221; title_text=&#8221;smartmockups_l80q8g2v&#8221; _builder_version=&#8221;4.10.8&#8243; _module_preset=&#8221;default&#8221; global_colors_info=&#8221;{}&#8221;][\/et_pb_image][\/et_pb_column][\/et_pb_row][et_pb_row _builder_version=&#8221;4.10.8&#8243; _module_preset=&#8221;default&#8221; global_colors_info=&#8221;{}&#8221;][et_pb_column type=&#8221;4_4&#8243; _builder_version=&#8221;4.10.8&#8243; _module_preset=&#8221;default&#8221; global_colors_info=&#8221;{}&#8221;][et_pb_image src=&#8221;https:\/\/loricavichiolo.com\/wp-content\/uploads\/2022\/09\/smartmockups_l80qa7ua-scaled.jpg&#8221; title_text=&#8221;smartmockups_l80qa7ua&#8221; _builder_version=&#8221;4.10.8&#8243; _module_preset=&#8221;default&#8221; global_colors_info=&#8221;{}&#8221;][\/et_pb_image][\/et_pb_column][\/et_pb_row][\/et_pb_section][et_pb_section fb_built=&#8221;1&#8243; admin_label=&#8221;Image and Text&#8221; _builder_version=&#8221;3.22&#8243; background_color=&#8221;#ffffff&#8221; custom_padding=&#8221;0px|0px|6px|0px||&#8221; global_colors_info=&#8221;{}&#8221;][et_pb_row column_structure=&#8221;1_2,1_2&#8243; _builder_version=&#8221;3.25&#8243; background_size=&#8221;initial&#8221; background_position=&#8221;top_left&#8221; background_repeat=&#8221;repeat&#8221; custom_padding=&#8221;||102px|||&#8221; global_colors_info=&#8221;{}&#8221;][et_pb_column type=&#8221;1_2&#8243; _builder_version=&#8221;3.25&#8243; custom_padding=&#8221;|||&#8221; global_colors_info=&#8221;{}&#8221; custom_padding__hover=&#8221;|||&#8221;][et_pb_text _builder_version=&#8221;4.10.8&#8243; text_font=&#8221;Raleway||||||||&#8221; text_text_color=&#8221;#747d88&#8243; text_font_size=&#8221;16px&#8221; text_line_height=&#8221;1.5em&#8221; header_font=&#8221;||||||||&#8221; header_line_height=&#8221;1.2em&#8221; header_3_font=&#8221;Playfair Display||||||||&#8221; header_3_font_size=&#8221;55px&#8221; header_3_line_height=&#8221;1.2em&#8221; background_size=&#8221;initial&#8221; background_position=&#8221;top_left&#8221; background_repeat=&#8221;repeat&#8221; max_width=&#8221;700px&#8221; module_alignment=&#8221;center&#8221; custom_margin=&#8221;60px||0px||false|false&#8221; animation_style=&#8221;fade&#8221; animation_direction=&#8221;top&#8221; global_colors_info=&#8221;{}&#8221;]<\/p>\n<h3>Uniforme<\/h3>\n<p>&nbsp;<\/p>\n<p><span>Camiseta b\u00e1sica para equipe de trabalho.<\/span><\/p>\n<p>[\/et_pb_text][\/et_pb_column][et_pb_column type=&#8221;1_2&#8243; _builder_version=&#8221;3.25&#8243; custom_padding=&#8221;|||&#8221; global_colors_info=&#8221;{}&#8221; custom_padding__hover=&#8221;|||&#8221;][et_pb_image src=&#8221;https:\/\/loricavichiolo.com\/wp-content\/uploads\/2022\/09\/smartmockups_l8213y6a.png&#8221; title_text=&#8221;smartmockups_l8213y6a&#8221; show_in_lightbox=&#8221;on&#8221; align_tablet=&#8221;center&#8221; align_phone=&#8221;&#8221; align_last_edited=&#8221;on|desktop&#8221; _builder_version=&#8221;4.10.8&#8243; custom_margin=&#8221;78px|||||&#8221; animation_style=&#8221;slide&#8221; animation_direction=&#8221;left&#8221; animation_intensity_slide=&#8221;10%&#8221; global_colors_info=&#8221;{}&#8221;][\/et_pb_image][\/et_pb_column][\/et_pb_row][\/et_pb_section][et_pb_section fb_built=&#8221;1&#8243; admin_label=&#8221;Text and Image&#8221; _builder_version=&#8221;4.10.8&#8243; background_color=&#8221;#E6DDD8&#8243; custom_padding=&#8221;56px|0px|110px|0px||&#8221; global_colors_info=&#8221;{}&#8221;][et_pb_row column_structure=&#8221;1_2,1_2&#8243; _builder_version=&#8221;3.25&#8243; background_size=&#8221;initial&#8221; background_position=&#8221;top_left&#8221; background_repeat=&#8221;repeat&#8221; global_colors_info=&#8221;{}&#8221;][et_pb_column type=&#8221;1_2&#8243; _builder_version=&#8221;3.25&#8243; custom_padding=&#8221;|||&#8221; global_colors_info=&#8221;{}&#8221; custom_padding__hover=&#8221;|||&#8221;][et_pb_text _builder_version=&#8221;4.10.8&#8243; text_font=&#8221;Raleway||||||||&#8221; text_text_color=&#8221;#747d88&#8243; text_font_size=&#8221;16px&#8221; text_line_height=&#8221;1.2em&#8221; header_font=&#8221;||||||||&#8221; header_3_font=&#8221;Playfair Display||||||||&#8221; header_3_font_size=&#8221;58px&#8221; header_3_line_height=&#8221;1.1em&#8221; background_size=&#8221;initial&#8221; background_position=&#8221;top_left&#8221; background_repeat=&#8221;repeat&#8221; max_width=&#8221;700px&#8221; module_alignment=&#8221;center&#8221; custom_margin=&#8221;-5px|||||&#8221; animation_style=&#8221;fade&#8221; animation_direction=&#8221;top&#8221; global_colors_info=&#8221;{}&#8221;]<\/p>\n<h3>M\u00eddia Digital<\/h3>\n<p>&nbsp;<\/p>\n<p>&nbsp;<\/p>\n<p>Site habilitado para vers\u00e3o desktop e mobile.<\/p>\n<p>[\/et_pb_text][\/et_pb_column][et_pb_column type=&#8221;1_2&#8243; _builder_version=&#8221;3.25&#8243; custom_padding=&#8221;|||&#8221; global_colors_info=&#8221;{}&#8221; custom_padding__hover=&#8221;|||&#8221;][et_pb_image src=&#8221;https:\/\/loricavichiolo.com\/wp-content\/uploads\/2022\/09\/10-6.png&#8221; title_text=&#8221;10&#8243; align_tablet=&#8221;center&#8221; align_phone=&#8221;&#8221; align_last_edited=&#8221;on|desktop&#8221; _builder_version=&#8221;4.10.8&#8243; custom_margin=&#8221;22px|||||&#8221; animation_style=&#8221;slide&#8221; animation_direction=&#8221;right&#8221; animation_intensity_slide=&#8221;10%&#8221; global_colors_info=&#8221;{}&#8221;][\/et_pb_image][\/et_pb_column][\/et_pb_row][et_pb_row _builder_version=&#8221;4.10.8&#8243; _module_preset=&#8221;default&#8221; global_colors_info=&#8221;{}&#8221;][et_pb_column type=&#8221;4_4&#8243; _builder_version=&#8221;4.10.8&#8243; _module_preset=&#8221;default&#8221; global_colors_info=&#8221;{}&#8221;][et_pb_image src=&#8221;https:\/\/loricavichiolo.com\/wp-content\/uploads\/2022\/09\/smartmockups_l80r2wbe.gif&#8221; title_text=&#8221;smartmockups_l80r2wbe&#8221; _builder_version=&#8221;4.10.8&#8243; _module_preset=&#8221;default&#8221; global_colors_info=&#8221;{}&#8221;][\/et_pb_image][et_pb_image src=&#8221;https:\/\/loricavichiolo.com\/wp-content\/uploads\/2022\/09\/smartmockups_l822r71f-scaled.jpg&#8221; title_text=&#8221;smartmockups_l822r71f&#8221; _builder_version=&#8221;4.10.8&#8243; _module_preset=&#8221;default&#8221; global_colors_info=&#8221;{}&#8221;][\/et_pb_image][\/et_pb_column][\/et_pb_row][et_pb_row column_structure=&#8221;1_2,1_2&#8243; _builder_version=&#8221;3.25&#8243; background_size=&#8221;initial&#8221; background_position=&#8221;top_left&#8221; background_repeat=&#8221;repeat&#8221; custom_padding=&#8221;||102px|||&#8221; global_colors_info=&#8221;{}&#8221;][et_pb_column type=&#8221;1_2&#8243; _builder_version=&#8221;3.25&#8243; custom_padding=&#8221;|||&#8221; global_colors_info=&#8221;{}&#8221; custom_padding__hover=&#8221;|||&#8221;][et_pb_text _builder_version=&#8221;4.10.8&#8243; text_font=&#8221;Raleway||||||||&#8221; text_text_color=&#8221;#747d88&#8243; text_font_size=&#8221;16px&#8221; text_line_height=&#8221;1.5em&#8221; header_font=&#8221;||||||||&#8221; header_line_height=&#8221;1.2em&#8221; header_3_font=&#8221;Playfair Display||||||||&#8221; header_3_font_size=&#8221;55px&#8221; header_3_line_height=&#8221;1.2em&#8221; background_size=&#8221;initial&#8221; background_position=&#8221;top_left&#8221; background_repeat=&#8221;repeat&#8221; max_width=&#8221;700px&#8221; module_alignment=&#8221;center&#8221; custom_margin=&#8221;60px||0px||false|false&#8221; animation_style=&#8221;fade&#8221; animation_direction=&#8221;top&#8221; hover_enabled=&#8221;0&#8243; global_colors_info=&#8221;{}&#8221; header_3_font_size_last_edited=&#8221;on|phone&#8221; sticky_enabled=&#8221;0&#8243; header_3_font_size_phone=&#8221;50px&#8221;]<\/p>\n<h3>Comunica\u00e7\u00e3o Visual<\/h3>\n<p>&nbsp;<\/p>\n<p><span>Placas para tapumes de obras.<\/span><\/p>\n<p>[\/et_pb_text][\/et_pb_column][et_pb_column type=&#8221;1_2&#8243; _builder_version=&#8221;3.25&#8243; custom_padding=&#8221;|||&#8221; global_colors_info=&#8221;{}&#8221; custom_padding__hover=&#8221;|||&#8221;][et_pb_image src=&#8221;https:\/\/loricavichiolo.com\/wp-content\/uploads\/2022\/09\/smartmockups_l80rnywe.jpg&#8221; title_text=&#8221;smartmockups_l80rnywe&#8221; show_in_lightbox=&#8221;on&#8221; align_tablet=&#8221;center&#8221; align_phone=&#8221;&#8221; align_last_edited=&#8221;on|desktop&#8221; _builder_version=&#8221;4.10.8&#8243; custom_margin=&#8221;78px|||||&#8221; animation_style=&#8221;slide&#8221; animation_direction=&#8221;left&#8221; animation_intensity_slide=&#8221;10%&#8221; global_colors_info=&#8221;{}&#8221;][\/et_pb_image][\/et_pb_column][\/et_pb_row][\/et_pb_section][et_pb_section fb_built=&#8221;1&#8243; admin_label=&#8221;Text and Image&#8221; _builder_version=&#8221;4.10.8&#8243; background_color=&#8221;#FFFFFF&#8221; custom_padding=&#8221;56px|0px|110px|0px||&#8221; global_colors_info=&#8221;{}&#8221;][et_pb_row _builder_version=&#8221;4.10.8&#8243; _module_preset=&#8221;default&#8221; custom_margin=&#8221;46px|auto||auto||&#8221; global_colors_info=&#8221;{}&#8221;][et_pb_column type=&#8221;4_4&#8243; _builder_version=&#8221;4.10.8&#8243; _module_preset=&#8221;default&#8221; global_colors_info=&#8221;{}&#8221;][et_pb_text _builder_version=&#8221;4.10.8&#8243; _module_preset=&#8221;default&#8221; text_font=&#8221;Amsterdam Four||||||||&#8221; text_font_size=&#8221;36px&#8221; text_line_height=&#8221;1.2em&#8221; custom_margin=&#8221;||51px|||&#8221; hover_enabled=&#8221;0&#8243; text_font_size_tablet=&#8221;&#8221; text_font_size_phone=&#8221;25px&#8221; text_font_size_last_edited=&#8221;on|desktop&#8221; global_colors_info=&#8221;{}&#8221; sticky_enabled=&#8221;0&#8243;]<\/p>\n<p style=\"text-align: center;\">Quer uma identidade com a cara da sua empresa?<\/p>\n<p style=\"text-align: center;\">Vamos conversar!<\/p>\n<p>[\/et_pb_text][et_pb_button button_url=&#8221;https:\/\/api.whatsapp.com\/send?phone=+5541988044146&#038;text=Ol%C3%A1%2C%20gostaria%20de%20agendar%20uma%20reni%C3%A3o%20online%20com%20a%20Lori%20Cavichiolo&#8221; url_new_window=&#8221;on&#8221; button_text=&#8221;Agende sua reuni\u00e3o online&#8221; button_alignment=&#8221;center&#8221; _builder_version=&#8221;4.10.8&#8243; _module_preset=&#8221;default&#8221; custom_button=&#8221;on&#8221; button_text_size=&#8221;14px&#8221; button_text_color=&#8221;#FFFFFF&#8221; button_bg_color=&#8221;#BE977A&#8221; button_border_color=&#8221;#E6DDD8&#8243; button_border_radius=&#8221;0px&#8221; button_letter_spacing=&#8221;2px&#8221; button_font=&#8221;Raleway|||on|||||&#8221; background_layout=&#8221;dark&#8221; global_colors_info=&#8221;{}&#8221;][\/et_pb_button][\/et_pb_column][\/et_pb_row][\/et_pb_section][et_pb_section fb_built=&#8221;1&#8243; _builder_version=&#8221;4.10.8&#8243; _module_preset=&#8221;default&#8221; background_color=&#8221;#4C4B4D&#8221; custom_padding=&#8221;21px||18px|||&#8221; global_colors_info=&#8221;{}&#8221;][et_pb_row _builder_version=&#8221;4.10.8&#8243; _module_preset=&#8221;default&#8221; global_colors_info=&#8221;{}&#8221;][et_pb_column type=&#8221;4_4&#8243; _builder_version=&#8221;4.10.8&#8243; _module_preset=&#8221;default&#8221; global_colors_info=&#8221;{}&#8221;][et_pb_button button_url=&#8221;https:\/\/loricavichiolo.com\/#portfolio&#8221; button_text=&#8221;VOLTAR&#8221; button_alignment=&#8221;center&#8221; _builder_version=&#8221;4.10.8&#8243; _module_preset=&#8221;default&#8221; custom_button=&#8221;on&#8221; button_text_size=&#8221;13px&#8221; button_use_icon=&#8221;off&#8221; global_colors_info=&#8221;{}&#8221;][\/et_pb_button][\/et_pb_column][\/et_pb_row][\/et_pb_section]<\/p>\n","protected":false},"excerpt":{"rendered":"<p>projeto ojO2J ENGENHARIAConceito de Marca | Logo | Identidade Visual | Materiais de Papelaria | Site Para empresa de engenharia de Curitiba-PRA premissa para o trabalho com a O2J era a cria\u00e7\u00e3o de uma identidade que demonstrasse toda a qualidade do servi\u00e7o prestado por eles. Com foco no cuidado na execu\u00e7\u00e3o das obras e no [&hellip;]<\/p>\n","protected":false},"author":1,"featured_media":0,"parent":0,"menu_order":0,"comment_status":"closed","ping_status":"closed","template":"","meta":{"_et_pb_use_builder":"on","_et_pb_old_content":"","_et_gb_content_width":"","om_disable_all_campaigns":false,"_mi_skip_tracking":false,"footnotes":""},"class_list":["post-1158","page","type-page","status-publish","hentry"],"aioseo_notices":[],"_links":{"self":[{"href":"https:\/\/loricavichiolo.com\/index.php\/wp-json\/wp\/v2\/pages\/1158","targetHints":{"allow":["GET"]}}],"collection":[{"href":"https:\/\/loricavichiolo.com\/index.php\/wp-json\/wp\/v2\/pages"}],"about":[{"href":"https:\/\/loricavichiolo.com\/index.php\/wp-json\/wp\/v2\/types\/page"}],"author":[{"embeddable":true,"href":"https:\/\/loricavichiolo.com\/index.php\/wp-json\/wp\/v2\/users\/1"}],"replies":[{"embeddable":true,"href":"https:\/\/loricavichiolo.com\/index.php\/wp-json\/wp\/v2\/comments?post=1158"}],"version-history":[{"count":5,"href":"https:\/\/loricavichiolo.com\/index.php\/wp-json\/wp\/v2\/pages\/1158\/revisions"}],"predecessor-version":[{"id":2121,"href":"https:\/\/loricavichiolo.com\/index.php\/wp-json\/wp\/v2\/pages\/1158\/revisions\/2121"}],"wp:attachment":[{"href":"https:\/\/loricavichiolo.com\/index.php\/wp-json\/wp\/v2\/media?parent=1158"}],"curies":[{"name":"wp","href":"https:\/\/api.w.org\/{rel}","templated":true}]}}